{"id":823,"date":"2022-01-13T12:40:54","date_gmt":"2022-01-13T12:40:54","guid":{"rendered":"https:\/\/norelislam.com\/index.php\/islam\/"},"modified":"2022-01-13T13:10:00","modified_gmt":"2022-01-13T13:10:00","slug":"islam","status":"publish","type":"page","link":"https:\/\/norelislam.com\/index.php\/islam\/","title":{"rendered":"islam"},"content":{"rendered":"<div data-colibri-id=\"823-c1\" class=\"style-480 style-local-823-c1 position-relative\">\n  <!----><\/p>\n<div data-colibri-component=\"section\" data-colibri-id=\"823-c2\" id=\"content\" class=\"h-section h-section-global-spacing d-flex align-items-lg-center align-items-md-center align-items-center style-481 style-local-823-c2 position-relative\">\n    <!----><br \/>\n    <!----><\/p>\n<div class=\"h-section-grid-container h-section-fluid-container\">\n      <!----><\/p>\n<div data-colibri-id=\"823-c3\" class=\"h-row-container gutters-row-lg-0 gutters-row-md-0 gutters-row-0 gutters-row-v-lg-0 gutters-row-v-md-0 gutters-row-v-0 style-482 style-local-823-c3 position-relative\">\n        <!----><\/p>\n<div class=\"h-row justify-content-lg-center justify-content-md-center justify-content-center align-items-lg-stretch align-items-md-stretch align-items-stretch gutters-col-lg-0 gutters-col-md-0 gutters-col-0 gutters-col-v-lg-0 gutters-col-v-md-0 gutters-col-v-0\">\n          <!----><\/p>\n<div class=\"h-column h-column-container d-flex h-col-lg-auto h-col-md-auto h-col-auto style-483-outer style-local-823-c4-outer\">\n<div data-colibri-id=\"823-c4\" class=\"d-flex h-flex-basis h-column__inner h-px-lg-0 h-px-md-0 h-px-0 v-inner-lg-0 v-inner-md-0 v-inner-0 style-483 style-local-823-c4 position-relative\">\n              <!----><br \/>\n              <!----><\/p>\n<div class=\"w-100 h-y-container h-column__content h-column__v-align flex-basis-100 align-self-lg-center align-self-md-center align-self-center\">\n                <!----><\/p>\n<div data-colibri-id=\"823-c5\" class=\"h-row-container gutters-row-lg-0 gutters-row-md-0 gutters-row-0 gutters-row-v-lg-0 gutters-row-v-md-0 gutters-row-v-0 style-484 style-local-823-c5 position-relative\">\n                  <!----><\/p>\n<div class=\"h-row justify-content-lg-center justify-content-md-center justify-content-center align-items-lg-stretch align-items-md-stretch align-items-stretch gutters-col-lg-0 gutters-col-md-0 gutters-col-0 gutters-col-v-lg-0 gutters-col-v-md-0 gutters-col-v-0\">\n                    <!----><\/p>\n<div class=\"h-column h-column-container d-flex h-col-lg h-col-md h-col-auto style-487-outer style-local-823-c8-outer\">\n<div data-colibri-id=\"823-c8\" class=\"d-flex h-flex-basis h-column__inner h-px-lg-0 h-px-md-0 h-px-0 v-inner-lg-0 v-inner-md-0 v-inner-0 style-487 style-local-823-c8 position-relative\">\n                        <!----><br \/>\n                        <!----><\/p>\n<div class=\"w-100 h-y-container h-column__content h-column__v-align flex-basis-100 align-self-lg-center align-self-md-center align-self-center\">\n                          <!----><\/p>\n<div data-colibri-id=\"823-c9\" class=\"h-global-transition-all h-heading style-488 style-local-823-c9 position-relative h-element\">\n                            <!----><\/p>\n<div class=\"h-heading__outer style-488 style-local-823-c9\">\n                              <!----><br \/>\n                              <!----><\/p>\n<h2 class=\"\">Die <span class=\"fancy-title-headline d-inline-flex\"><span class=\"text-wrapper-fancy\"><span class=\"text-animation-fancy bring-to-front\">Shahada<\/span><br \/>\n                                <svg xmlns=\"http:\/\/www.w3.org\/2000\/svg\" viewBox=\"0 0 500 150\" preserveAspectRatio=\"none\">\n                                  <path d=\"M7.7,145.6C109,125,299.9,116.2,401,121.3c42.1,2.2,87.6,11.8,87.3,25.7\"><\/path>\n                                <\/svg><br \/>\n                                <\/span><br \/>\n                                <\/span><br \/>\n                              <\/h2>\n<\/p><\/div>\n<\/p><\/div>\n<div data-colibri-id=\"823-c10\" class=\"h-lead h-text h-text-component style-489 style-local-823-c10 position-relative h-element\">\n                            <!----><br \/>\n                            <!----><\/p>\n<div class=\"\">\n<p>Das Glaubensbekenntnis lautet &#8220;Ash hadu ana la ilaha illa Allah wa ash hadu ana Muhammad Abduhu wa rasulu&#8221;. Das hei\u00dft soviel wie &#8220;Ich bezeuge, dass niemand mit Recht und Wahrheit angebetet werden darf au\u00dfer Allah und ich<br \/>\n                                bezeuge, dass Muhammed sein Diener und Gesandter ist&#8221;. Au\u00dferdem ist sie fester Bestandteil jedes rituellen Gebetes. Man nennt das Glaubensbekenntnis auch &#8220;shahada&#8221;.<\/p>\n<\/p><\/div>\n<\/p><\/div>\n<\/p><\/div>\n<\/p><\/div>\n<\/p><\/div>\n<\/p><\/div>\n<\/p><\/div>\n<\/p><\/div>\n<\/p><\/div>\n<\/p><\/div>\n<div class=\"h-column h-column-container d-flex h-col-lg-auto h-col-md-auto h-col-auto style-490-outer style-local-823-c11-outer\">\n<div data-colibri-id=\"823-c11\" class=\"d-flex h-flex-basis h-column__inner h-ui-empty-state-container h-px-lg-0 h-px-md-0 h-px-0 v-inner-lg-0 v-inner-md-0 v-inner-0 style-490 style-local-823-c11 position-relative\">\n              <!----><br \/>\n              <!----><\/p>\n<div class=\"w-100 h-y-container h-column__content h-column__v-align flex-basis-100\">\n                <!---->\n              <\/div>\n<\/p><\/div>\n<\/p><\/div>\n<\/p><\/div>\n<\/p><\/div>\n<\/p><\/div>\n<\/p><\/div>\n<div data-colibri-component=\"section\" data-colibri-id=\"823-c12\" id=\"content-2\" class=\"h-section h-section-global-spacing d-flex align-items-lg-center align-items-md-center align-items-center style-491 style-local-823-c12 position-relative\">\n    <!----><br \/>\n    <!----><\/p>\n<div class=\"h-section-grid-container h-section-fluid-container\">\n      <!----><\/p>\n<div data-colibri-id=\"823-c13\" class=\"h-row-container gutters-row-lg-0 gutters-row-md-0 gutters-row-0 gutters-row-v-lg-0 gutters-row-v-md-0 gutters-row-v-0 style-492 style-local-823-c13 position-relative\">\n        <!----><\/p>\n<div class=\"h-row justify-content-lg-center justify-content-md-center justify-content-center align-items-lg-stretch align-items-md-stretch align-items-stretch gutters-col-lg-0 gutters-col-md-0 gutters-col-0 gutters-col-v-lg-0 gutters-col-v-md-0 gutters-col-v-0\">\n          <!----><\/p>\n<div class=\"h-column h-column-container d-flex h-col-lg-auto h-col-md-auto h-col-auto style-493-outer style-local-823-c14-outer\">\n<div data-colibri-id=\"823-c14\" class=\"d-flex h-flex-basis h-column__inner h-ui-empty-state-container h-px-lg-0 h-px-md-0 h-px-0 v-inner-lg-0 v-inner-md-0 v-inner-0 style-493 style-local-823-c14 position-relative\">\n              <!----><br \/>\n              <!----><\/p>\n<div class=\"w-100 h-y-container h-column__content h-column__v-align flex-basis-100\">\n                <!---->\n              <\/div>\n<\/p><\/div>\n<\/p><\/div>\n<div class=\"h-column h-column-container d-flex h-col-lg-auto h-col-md-auto h-col-auto style-494-outer style-local-823-c15-outer\">\n<div data-colibri-id=\"823-c15\" class=\"d-flex h-flex-basis h-column__inner h-px-lg-0 h-px-md-0 h-px-0 v-inner-lg-0 v-inner-md-0 v-inner-0 style-494 style-local-823-c15 position-relative\">\n              <!----><br \/>\n              <!----><\/p>\n<div class=\"w-100 h-y-container h-column__content h-column__v-align flex-basis-100 align-self-lg-center align-self-md-center align-self-center\">\n                <!----><\/p>\n<div data-colibri-id=\"823-c16\" class=\"h-row-container gutters-row-lg-0 gutters-row-md-0 gutters-row-0 gutters-row-v-lg-0 gutters-row-v-md-0 gutters-row-v-0 style-495 style-local-823-c16 position-relative\">\n                  <!----><\/p>\n<div class=\"h-row justify-content-lg-center justify-content-md-center justify-content-center align-items-lg-stretch align-items-md-stretch align-items-stretch gutters-col-lg-0 gutters-col-md-0 gutters-col-0 gutters-col-v-lg-0 gutters-col-v-md-0 gutters-col-v-0\">\n                    <!----><\/p>\n<div class=\"h-column h-column-container d-flex h-col-lg h-col-md h-col-auto style-498-outer style-local-823-c19-outer\">\n<div data-colibri-id=\"823-c19\" class=\"d-flex h-flex-basis h-column__inner h-px-lg-0 h-px-md-0 h-px-0 v-inner-lg-0 v-inner-md-0 v-inner-0 style-498 style-local-823-c19 position-relative\">\n                        <!----><br \/>\n                        <!----><\/p>\n<div class=\"w-100 h-y-container h-column__content h-column__v-align flex-basis-100 align-self-lg-center align-self-md-center align-self-center\">\n                          <!----><\/p>\n<div data-colibri-id=\"823-c20\" class=\"h-global-transition-all h-heading style-499 style-local-823-c20 position-relative h-element\">\n                            <!----><\/p>\n<div class=\"h-heading__outer style-499 style-local-823-c20\">\n                              <!----><br \/>\n                              <!----><\/p>\n<h2 class=\"\">Das <span class=\"fancy-title-headline d-inline-flex\"><span class=\"text-wrapper-fancy\"><span class=\"text-animation-fancy bring-to-front\">gebet<\/span><br \/>\n                                <svg xmlns=\"http:\/\/www.w3.org\/2000\/svg\" viewBox=\"0 0 500 150\" preserveAspectRatio=\"none\">\n                                  <path d=\"M7.7,145.6C109,125,299.9,116.2,401,121.3c42.1,2.2,87.6,11.8,87.3,25.7\"><\/path>\n                                <\/svg><br \/>\n                                <\/span><br \/>\n                                <\/span><br \/>\n                              <\/h2>\n<\/p><\/div>\n<\/p><\/div>\n<div data-colibri-id=\"823-c21\" class=\"h-lead h-text h-text-component style-500 style-local-823-c21 position-relative h-element\">\n                            <!----><br \/>\n                            <!----><\/p>\n<div class=\"\">\n<p>F\u00fcnfmal muss ein Muslim am Tag beten:<br \/>\n                                <br \/>&#8211; in der Morgend\u00e4mmerung (Fajr)<br \/>\n                                <br \/>&#8211; am Mittag (Duhur)<br \/>\n                                <br \/>&#8211; am Nachmittag (Asr)<br \/>\n                                <br \/>&#8211; am Abend (Maghrib)<br \/>\n                                <br \/>&#8211; in der Nacht (Isha)<\/p>\n<p>Jedes Gebet muss in Richtung Mekka verrichtet werden.<br \/>\n                                <br \/>F\u00fcr jedes Gebet muss eine rituellen Reinigung (&#8220;Wudu&#8221;) durchgef\u00fchrt werden.<\/p>\n<\/p><\/div>\n<\/p><\/div>\n<\/p><\/div>\n<\/p><\/div>\n<\/p><\/div>\n<\/p><\/div>\n<\/p><\/div>\n<\/p><\/div>\n<\/p><\/div>\n<\/p><\/div>\n<\/p><\/div>\n<\/p><\/div>\n<\/p><\/div>\n<\/p><\/div>\n<div data-colibri-component=\"section\" data-colibri-id=\"823-c22\" id=\"content-3\" class=\"h-section h-section-global-spacing d-flex align-items-lg-center align-items-md-center align-items-center style-501 style-local-823-c22 position-relative\">\n    <!----><br \/>\n    <!----><\/p>\n<div class=\"h-section-grid-container h-section-fluid-container\">\n      <!----><\/p>\n<div data-colibri-id=\"823-c23\" class=\"h-row-container gutters-row-lg-0 gutters-row-md-0 gutters-row-0 gutters-row-v-lg-0 gutters-row-v-md-0 gutters-row-v-0 style-502 style-local-823-c23 position-relative\">\n        <!----><\/p>\n<div class=\"h-row justify-content-lg-center justify-content-md-center justify-content-center align-items-lg-stretch align-items-md-stretch align-items-stretch gutters-col-lg-0 gutters-col-md-0 gutters-col-0 gutters-col-v-lg-0 gutters-col-v-md-0 gutters-col-v-0\">\n          <!----><\/p>\n<div class=\"h-column h-column-container d-flex h-col-lg-auto h-col-md-auto h-col-auto style-503-outer style-local-823-c24-outer\">\n<div data-colibri-id=\"823-c24\" class=\"d-flex h-flex-basis h-column__inner h-px-lg-0 h-px-md-0 h-px-0 v-inner-lg-0 v-inner-md-0 v-inner-0 style-503 style-local-823-c24 position-relative\">\n              <!----><br \/>\n              <!----><\/p>\n<div class=\"w-100 h-y-container h-column__content h-column__v-align flex-basis-100 align-self-lg-center align-self-md-center align-self-center\">\n                <!----><\/p>\n<div data-colibri-id=\"823-c25\" class=\"h-row-container gutters-row-lg-0 gutters-row-md-0 gutters-row-0 gutters-row-v-lg-0 gutters-row-v-md-0 gutters-row-v-0 style-504 style-local-823-c25 position-relative\">\n                  <!----><\/p>\n<div class=\"h-row justify-content-lg-center justify-content-md-center justify-content-center align-items-lg-stretch align-items-md-stretch align-items-stretch gutters-col-lg-0 gutters-col-md-0 gutters-col-0 gutters-col-v-lg-0 gutters-col-v-md-0 gutters-col-v-0\">\n                    <!----><\/p>\n<div class=\"h-column h-column-container d-flex h-col-lg h-col-md h-col-auto style-507-outer style-local-823-c28-outer\">\n<div data-colibri-id=\"823-c28\" class=\"d-flex h-flex-basis h-column__inner h-px-lg-0 h-px-md-0 h-px-0 v-inner-lg-0 v-inner-md-0 v-inner-0 style-507 style-local-823-c28 position-relative\">\n                        <!----><br \/>\n                        <!----><\/p>\n<div class=\"w-100 h-y-container h-column__content h-column__v-align flex-basis-100 align-self-lg-center align-self-md-center align-self-center\">\n                          <!----><\/p>\n<div data-colibri-id=\"823-c29\" class=\"h-global-transition-all h-heading style-508 style-local-823-c29 position-relative h-element\">\n                            <!----><\/p>\n<div class=\"h-heading__outer style-508 style-local-823-c29\">\n                              <!----><br \/>\n                              <!----><\/p>\n<h2 class=\"\">Das <span class=\"fancy-title-headline d-inline-flex\"><span class=\"text-wrapper-fancy\"><span class=\"text-animation-fancy bring-to-front\">fasten<\/span><br \/>\n                                <svg xmlns=\"http:\/\/www.w3.org\/2000\/svg\" viewBox=\"0 0 500 150\" preserveAspectRatio=\"none\">\n                                  <path d=\"M7.7,145.6C109,125,299.9,116.2,401,121.3c42.1,2.2,87.6,11.8,87.3,25.7\"><\/path>\n                                <\/svg><br \/>\n                                <\/span><br \/>\n                                <\/span><br \/>\n                              <\/h2>\n<\/p><\/div>\n<\/p><\/div>\n<div data-colibri-id=\"823-c30\" class=\"h-lead h-text h-text-component style-509 style-local-823-c30 position-relative h-element\">\n                            <!----><br \/>\n                            <!----><\/p>\n<div class=\"\">\n<p>Einen Monat lang fasten die Muslime von der Morgend\u00e4mmerung bis zum Sonnenuntergang. Dieser Monat hei\u00dft Ramadan.<\/p>\n<p>In diesem Monat wurde der Koran als Rechtleitung an die Menscheit herabgesandt.<\/p>\n<p>Die Muslime enthalten sich w\u00e4hrend des Fastens von Essen, Trinken, Geschlechtsverkehr und Schlechtem.<\/p>\n<\/p><\/div>\n<\/p><\/div>\n<\/p><\/div>\n<\/p><\/div>\n<\/p><\/div>\n<\/p><\/div>\n<\/p><\/div>\n<\/p><\/div>\n<\/p><\/div>\n<\/p><\/div>\n<div class=\"h-column h-column-container d-flex h-col-lg-auto h-col-md-auto h-col-auto style-510-outer style-local-823-c31-outer\">\n<div data-colibri-id=\"823-c31\" class=\"d-flex h-flex-basis h-column__inner h-ui-empty-state-container h-px-lg-0 h-px-md-0 h-px-0 v-inner-lg-0 v-inner-md-0 v-inner-0 style-510 style-local-823-c31 position-relative\">\n              <!----><br \/>\n              <!----><\/p>\n<div class=\"w-100 h-y-container h-column__content h-column__v-align flex-basis-100\">\n                <!---->\n              <\/div>\n<\/p><\/div>\n<\/p><\/div>\n<\/p><\/div>\n<\/p><\/div>\n<\/p><\/div>\n<\/p><\/div>\n<div data-colibri-component=\"section\" data-colibri-id=\"823-c32\" id=\"content-4\" class=\"h-section h-section-global-spacing d-flex align-items-lg-center align-items-md-center align-items-center style-511 style-local-823-c32 position-relative\">\n    <!----><br \/>\n    <!----><\/p>\n<div class=\"h-section-grid-container h-section-fluid-container\">\n      <!----><\/p>\n<div data-colibri-id=\"823-c33\" class=\"h-row-container gutters-row-lg-0 gutters-row-md-0 gutters-row-0 gutters-row-v-lg-0 gutters-row-v-md-0 gutters-row-v-0 style-512 style-local-823-c33 position-relative\">\n        <!----><\/p>\n<div class=\"h-row justify-content-lg-center justify-content-md-center justify-content-center align-items-lg-stretch align-items-md-stretch align-items-stretch gutters-col-lg-0 gutters-col-md-0 gutters-col-0 gutters-col-v-lg-0 gutters-col-v-md-0 gutters-col-v-0\">\n          <!----><\/p>\n<div class=\"h-column h-column-container d-flex h-col-lg-auto h-col-md-auto h-col-auto style-513-outer style-local-823-c34-outer\">\n<div data-colibri-id=\"823-c34\" class=\"d-flex h-flex-basis h-column__inner h-ui-empty-state-container h-px-lg-0 h-px-md-0 h-px-0 v-inner-lg-0 v-inner-md-0 v-inner-0 style-513 style-local-823-c34 position-relative\">\n              <!----><br \/>\n              <!----><\/p>\n<div class=\"w-100 h-y-container h-column__content h-column__v-align flex-basis-100\">\n                <!---->\n              <\/div>\n<\/p><\/div>\n<\/p><\/div>\n<div class=\"h-column h-column-container d-flex h-col-lg-auto h-col-md-auto h-col-auto style-514-outer style-local-823-c35-outer\">\n<div data-colibri-id=\"823-c35\" class=\"d-flex h-flex-basis h-column__inner h-px-lg-0 h-px-md-0 h-px-0 v-inner-lg-0 v-inner-md-0 v-inner-0 style-514 style-local-823-c35 position-relative\">\n              <!----><br \/>\n              <!----><\/p>\n<div class=\"w-100 h-y-container h-column__content h-column__v-align flex-basis-100 align-self-lg-center align-self-md-center align-self-center\">\n                <!----><\/p>\n<div data-colibri-id=\"823-c36\" class=\"h-row-container gutters-row-lg-0 gutters-row-md-0 gutters-row-0 gutters-row-v-lg-0 gutters-row-v-md-0 gutters-row-v-0 style-515 style-local-823-c36 position-relative\">\n                  <!----><\/p>\n<div class=\"h-row justify-content-lg-center justify-content-md-center justify-content-center align-items-lg-stretch align-items-md-stretch align-items-stretch gutters-col-lg-0 gutters-col-md-0 gutters-col-0 gutters-col-v-lg-0 gutters-col-v-md-0 gutters-col-v-0\">\n                    <!----><\/p>\n<div class=\"h-column h-column-container d-flex h-col-lg h-col-md h-col-auto style-518-outer style-local-823-c39-outer\">\n<div data-colibri-id=\"823-c39\" class=\"d-flex h-flex-basis h-column__inner h-px-lg-0 h-px-md-0 h-px-0 v-inner-lg-0 v-inner-md-0 v-inner-0 style-518 style-local-823-c39 position-relative\">\n                        <!----><br \/>\n                        <!----><\/p>\n<div class=\"w-100 h-y-container h-column__content h-column__v-align flex-basis-100 align-self-lg-center align-self-md-center align-self-center\">\n                          <!----><\/p>\n<div data-colibri-id=\"823-c40\" class=\"h-global-transition-all h-heading style-519 style-local-823-c40 position-relative h-element\">\n                            <!----><\/p>\n<div class=\"h-heading__outer style-519 style-local-823-c40\">\n                              <!----><br \/>\n                              <!----><\/p>\n<h2 class=\"\">Die <span class=\"fancy-title-headline d-inline-flex\"><span class=\"text-wrapper-fancy\"><span class=\"text-animation-fancy bring-to-front\">almosen<\/span><br \/>\n                                <svg xmlns=\"http:\/\/www.w3.org\/2000\/svg\" viewBox=\"0 0 500 150\" preserveAspectRatio=\"none\">\n                                  <path d=\"M7.7,145.6C109,125,299.9,116.2,401,121.3c42.1,2.2,87.6,11.8,87.3,25.7\"><\/path>\n                                <\/svg><br \/>\n                                <\/span><br \/>\n                                <\/span><br \/>\n                              <\/h2>\n<\/p><\/div>\n<\/p><\/div>\n<div data-colibri-id=\"823-c41\" class=\"h-lead h-text h-text-component style-520 style-local-823-c41 position-relative h-element\">\n                            <!----><br \/>\n                            <!----><\/p>\n<div class=\"\">\n<p>Die Zakat ist eine Spende an Bed\u00fcrftigen Menschen. Jeder Muslim dessen Verm\u00f6gen h\u00f6her ist als den Wert von 85g Gold, ist j\u00e4hrlich dazu verpflichtet 2,5% von seinem Verm\u00f6gen zu spenden. <\/p>\n<\/p><\/div>\n<\/p><\/div>\n<\/p><\/div>\n<\/p><\/div>\n<\/p><\/div>\n<\/p><\/div>\n<\/p><\/div>\n<\/p><\/div>\n<\/p><\/div>\n<\/p><\/div>\n<\/p><\/div>\n<\/p><\/div>\n<\/p><\/div>\n<\/p><\/div>\n<div data-colibri-component=\"section\" data-colibri-id=\"823-c42\" id=\"content-5\" class=\"h-section h-section-global-spacing d-flex align-items-lg-center align-items-md-center align-items-center style-521 style-local-823-c42 position-relative\">\n    <!----><br \/>\n    <!----><\/p>\n<div class=\"h-section-grid-container h-section-fluid-container\">\n      <!----><\/p>\n<div data-colibri-id=\"823-c43\" class=\"h-row-container gutters-row-lg-0 gutters-row-md-0 gutters-row-0 gutters-row-v-lg-0 gutters-row-v-md-0 gutters-row-v-0 style-522 style-local-823-c43 position-relative\">\n        <!----><\/p>\n<div class=\"h-row justify-content-lg-center justify-content-md-center justify-content-center align-items-lg-stretch align-items-md-stretch align-items-stretch gutters-col-lg-0 gutters-col-md-0 gutters-col-0 gutters-col-v-lg-0 gutters-col-v-md-0 gutters-col-v-0\">\n          <!----><\/p>\n<div class=\"h-column h-column-container d-flex h-col-lg-auto h-col-md-auto h-col-auto style-523-outer style-local-823-c44-outer\">\n<div data-colibri-id=\"823-c44\" class=\"d-flex h-flex-basis h-column__inner h-px-lg-0 h-px-md-0 h-px-0 v-inner-lg-0 v-inner-md-0 v-inner-0 style-523 style-local-823-c44 position-relative\">\n              <!----><br \/>\n              <!----><\/p>\n<div class=\"w-100 h-y-container h-column__content h-column__v-align flex-basis-100 align-self-lg-center align-self-md-center align-self-center\">\n                <!----><\/p>\n<div data-colibri-id=\"823-c45\" class=\"h-row-container gutters-row-lg-0 gutters-row-md-0 gutters-row-0 gutters-row-v-lg-0 gutters-row-v-md-0 gutters-row-v-0 style-524 style-local-823-c45 position-relative\">\n                  <!----><\/p>\n<div class=\"h-row justify-content-lg-center justify-content-md-center justify-content-center align-items-lg-stretch align-items-md-stretch align-items-stretch gutters-col-lg-0 gutters-col-md-0 gutters-col-0 gutters-col-v-lg-0 gutters-col-v-md-0 gutters-col-v-0\">\n                    <!----><\/p>\n<div class=\"h-column h-column-container d-flex h-col-lg h-col-md h-col-auto style-527-outer style-local-823-c48-outer\">\n<div data-colibri-id=\"823-c48\" class=\"d-flex h-flex-basis h-column__inner h-px-lg-0 h-px-md-0 h-px-0 v-inner-lg-0 v-inner-md-0 v-inner-0 style-527 style-local-823-c48 position-relative\">\n                        <!----><br \/>\n                        <!----><\/p>\n<div class=\"w-100 h-y-container h-column__content h-column__v-align flex-basis-100 align-self-lg-center align-self-md-center align-self-center\">\n                          <!----><\/p>\n<div data-colibri-id=\"823-c49\" class=\"h-global-transition-all h-heading style-528 style-local-823-c49 position-relative h-element\">\n                            <!----><\/p>\n<div class=\"h-heading__outer style-528 style-local-823-c49\">\n                              <!----><br \/>\n                              <!----><\/p>\n<h2 class=\"\">Die <span class=\"fancy-title-headline d-inline-flex\"><span class=\"text-wrapper-fancy\"><span class=\"text-animation-fancy bring-to-front\">pilgerfahrt<\/span><br \/>\n                                <svg xmlns=\"http:\/\/www.w3.org\/2000\/svg\" viewBox=\"0 0 500 150\" preserveAspectRatio=\"none\">\n                                  <path d=\"M7.7,145.6C109,125,299.9,116.2,401,121.3c42.1,2.2,87.6,11.8,87.3,25.7\"><\/path>\n                                <\/svg><br \/>\n                                <\/span><br \/>\n                                <\/span><br \/>\n                              <\/h2>\n<\/p><\/div>\n<\/p><\/div>\n<div data-colibri-id=\"823-c50\" class=\"h-lead h-text h-text-component style-529 style-local-823-c50 position-relative h-element\">\n                            <!----><br \/>\n                            <!----><\/p>\n<div class=\"\">\n<p>Einmal im Leben muss ein Muslim die Pilgerfahrt nach Mekka unternehmen, wenn er k\u00f6rperlich und finanziell in der Lage ist. Jedes Jahr pilgern bis zu drei Millionen Muslime nach Mekka. Dabei umrunden sie die Kaaba sieben mal.<br \/>\n                                Die Kaaba ist das Haus Allahs. Sie wurde vom ersten Menschen Adam gebaut und durch den Propheten Ibrahim und seinem Sohn Ismael wiedererrichtet.<\/p>\n<\/p><\/div>\n<\/p><\/div>\n<\/p><\/div>\n<\/p><\/div>\n<\/p><\/div>\n<\/p><\/div>\n<\/p><\/div>\n<\/p><\/div>\n<\/p><\/div>\n<\/p><\/div>\n<div class=\"h-column h-column-container d-flex h-col-lg-auto h-col-md-auto h-col-auto style-530-outer style-local-823-c51-outer\">\n<div data-colibri-id=\"823-c51\" class=\"d-flex h-flex-basis h-column__inner h-ui-empty-state-container h-px-lg-0 h-px-md-0 h-px-0 v-inner-lg-0 v-inner-md-0 v-inner-0 style-530 style-local-823-c51 position-relative\">\n              <!----><br \/>\n              <!----><\/p>\n<div class=\"w-100 h-y-container h-column__content h-column__v-align flex-basis-100\">\n                <!---->\n              <\/div>\n<\/p><\/div>\n<\/p><\/div>\n<\/p><\/div>\n<\/p><\/div>\n<\/p><\/div>\n<\/p><\/div>\n<\/div>\n","protected":false},"excerpt":{"rendered":"<p>Die Shahada Das Glaubensbekenntnis lautet &#8220;Ash hadu ana la ilaha illa Allah wa ash hadu ana Muhammad Abduhu wa rasulu&#8221;. Das hei\u00dft soviel wie &#8220;Ich bezeuge, dass niemand mit Recht und Wahrheit angebetet werden darf au\u00dfer Allah und ich bezeuge, dass Muhammed sein Diener und Gesandter ist&#8221;. Au\u00dferdem ist sie fester Bestandteil jedes rituellen Gebetes. [&hellip;]<\/p>\n","protected":false},"author":1,"featured_media":0,"parent":0,"menu_order":0,"comment_status":"closed","ping_status":"closed","template":"page-templates\/full-width-page.php","meta":{"_regular_price":[],"currency_symbol":[],"footnotes":""},"class_list":["post-823","page","type-page","status-publish","hentry"],"post_slider_layout_featured_media_urls":{"thumbnail":"","post_slider_layout_landscape_large":"","post_slider_layout_portrait_large":"","post_slider_layout_square_large":"","post_slider_layout_landscape":"","post_slider_layout_portrait":"","post_slider_layout_square":"","full":""},"_links":{"self":[{"href":"https:\/\/norelislam.com\/index.php\/wp-json\/wp\/v2\/pages\/823","targetHints":{"allow":["GET"]}}],"collection":[{"href":"https:\/\/norelislam.com\/index.php\/wp-json\/wp\/v2\/pages"}],"about":[{"href":"https:\/\/norelislam.com\/index.php\/wp-json\/wp\/v2\/types\/page"}],"author":[{"embeddable":true,"href":"https:\/\/norelislam.com\/index.php\/wp-json\/wp\/v2\/users\/1"}],"replies":[{"embeddable":true,"href":"https:\/\/norelislam.com\/index.php\/wp-json\/wp\/v2\/comments?post=823"}],"version-history":[{"count":1,"href":"https:\/\/norelislam.com\/index.php\/wp-json\/wp\/v2\/pages\/823\/revisions"}],"predecessor-version":[{"id":833,"href":"https:\/\/norelislam.com\/index.php\/wp-json\/wp\/v2\/pages\/823\/revisions\/833"}],"wp:attachment":[{"href":"https:\/\/norelislam.com\/index.php\/wp-json\/wp\/v2\/media?parent=823"}],"curies":[{"name":"wp","href":"https:\/\/api.w.org\/{rel}","templated":true}]}}