{"id":866,"date":"2022-01-13T18:35:30","date_gmt":"2022-01-13T18:35:30","guid":{"rendered":"https:\/\/norelislam.com\/?page_id=866"},"modified":"2022-01-13T21:51:00","modified_gmt":"2022-01-13T21:51:00","slug":"sira-1-de","status":"publish","type":"page","link":"https:\/\/norelislam.com\/index.php\/sira-1-de\/","title":{"rendered":"sira-1-de"},"content":{"rendered":"<div data-colibri-id=\"866-c1\" class=\"style-532 style-local-866-c1 position-relative\">\n  <!----><\/p>\n<div data-colibri-component=\"section\" data-colibri-id=\"866-c2\" id=\"custom\" class=\"h-section h-section-global-spacing d-flex align-items-lg-center align-items-md-center align-items-center style-533 style-local-866-c2 position-relative\">\n    <!----><br \/>\n    <!----><\/p>\n<div class=\"h-section-grid-container h-section-boxed-container\">\n      <!----><\/p>\n<div data-colibri-id=\"866-c3\" class=\"h-row-container gutters-row-lg-2 gutters-row-md-2 gutters-row-0 gutters-row-v-lg-2 gutters-row-v-md-2 gutters-row-v-2 style-534 style-local-866-c3 position-relative\">\n        <!----><\/p>\n<div class=\"h-row justify-content-lg-center justify-content-md-center justify-content-center align-items-lg-stretch align-items-md-stretch align-items-stretch gutters-col-lg-2 gutters-col-md-2 gutters-col-0 gutters-col-v-lg-2 gutters-col-v-md-2 gutters-col-v-2\">\n          <!----><\/p>\n<div class=\"h-column h-column-container d-flex h-col-lg-auto h-col-md-auto h-col-auto style-535-outer style-local-866-c4-outer\">\n<div data-colibri-id=\"866-c4\" class=\"d-flex h-flex-basis h-column__inner h-px-lg-2 h-px-md-2 h-px-2 v-inner-lg-2 v-inner-md-2 v-inner-2 style-535 style-local-866-c4 position-relative\">\n              <!----><br \/>\n              <!----><\/p>\n<div class=\"w-100 h-y-container h-column__content h-column__v-align flex-basis-100 align-self-lg-start align-self-md-start align-self-start\">\n                <!----><\/p>\n<div data-colibri-id=\"866-c5\" class=\"h-x-container style-537 style-local-866-c5 position-relative h-element\">\n                  <!----><\/p>\n<div class=\"h-x-container-inner style-dynamic-866-c5-group style-537-spacing style-local-866-c5-spacing\"><span class=\"h-link__outer style-538-outer style-local-866-c6-outer d-inline-flex h-element\"><a h-use-smooth-scroll=\"true\" href=\"https:\/\/norelislam.com\/index.php\/sira-1-de\/\"  data-colibri-id=\"866-c6\" class=\"d-flex w-100 align-items-center h-link style-538 style-local-866-c6 position-relative\"><!----><!----> <span>1. Vorwort<\/span><\/a><br \/>\n                    <\/span>\n                  <\/div>\n<\/p><\/div>\n<div data-colibri-id=\"866-c7\" class=\"h-x-container style-539 style-local-866-c7 position-relative h-element\">\n                  <!----><\/p>\n<div class=\"h-x-container-inner style-dynamic-866-c7-group style-539-spacing style-local-866-c7-spacing\"><span class=\"h-link__outer style-540-outer style-local-866-c8-outer d-inline-flex h-element\"><a h-use-smooth-scroll=\"true\" href=\"https:\/\/norelislam.com\/index.php\/sira-2-de\/\"  data-colibri-id=\"866-c8\" class=\"d-flex w-100 align-items-center h-link style-540 style-local-866-c8 position-relative\"><!----><!----> <span>2. War Muhammad ein echter Prophet?<\/span><\/a><br \/>\n                    <\/span>\n                  <\/div>\n<\/p><\/div>\n<div data-colibri-id=\"866-c9\" class=\"h-x-container style-541 style-local-866-c9 position-relative h-element\">\n                  <!----><\/p>\n<div class=\"h-x-container-inner style-dynamic-866-c9-group style-541-spacing style-local-866-c9-spacing\"><span class=\"h-link__outer style-542-outer style-local-866-c10-outer d-inline-flex h-element\"><a h-use-smooth-scroll=\"true\" href=\"https:\/\/norelislam.com\/index.php\/sira-3-de\/\"  data-colibri-id=\"866-c10\" class=\"d-flex w-100 align-items-center h-link style-542 style-local-866-c10 position-relative\"><!----><!----> <span>3. Die Namen des Propheten<\/span><\/a><br \/>\n                    <\/span>\n                  <\/div>\n<\/p><\/div>\n<\/p><\/div>\n<\/p><\/div>\n<\/p><\/div>\n<div class=\"h-column h-column-container d-flex h-col-lg-auto h-col-md-auto h-col-auto style-536-outer style-local-866-c11-outer\">\n<div data-colibri-id=\"866-c11\" class=\"d-flex h-flex-basis h-column__inner h-px-lg-2 h-px-md-2 h-px-2 v-inner-lg-2 v-inner-md-2 v-inner-2 style-536 style-local-866-c11 position-relative\">\n              <!----><br \/>\n              <!----><\/p>\n<div class=\"w-100 h-y-container h-column__content h-column__v-align flex-basis-100 align-self-lg-start align-self-md-start align-self-start\">\n                <!----><\/p>\n<div data-colibri-id=\"866-c12\" class=\"h-text h-text-component style-543 style-local-866-c12 position-relative h-element\">\n                  <!----><br \/>\n                  <!----><\/p>\n<div class=\"\">\n<h4>1. Vorwort<\/h4>\n<p>Der Lobpreis geb\u00fchrt All\u00e2h und m\u00f6ge Er den Gesandten All\u00e2hs <strong style=\"color: rgb(70, 112, 127); font-family: &quot;Open Sans&quot;; font-size: 16px;\">\ufdfa&nbsp;<\/strong>in Ehren halten und ihm Wohlergehen schenken!<\/p>\n<p>Die Menschheit lebte vor der Sendung des Siegels der Propheten <strong style=\"font-size: 16px; font-family: &quot;Open Sans&quot;; color: rgb(70, 112, 127);\">\ufdfa&nbsp;<\/strong>auf den Irrwegen der Ignoranz, im Polytheismus und Atheismus.<br \/>\n                      Die Araber waren auch ein Teil dieser Menschheit und im Sumpf des Unglaubens versunken und ben\u00f6tigten dringend jemanden, der sie wieder aus diesem Sumpf herauszog.<\/p>\n<p>Die Ignoranz war weit verbreitet, Unterdr\u00fcckung an der Tagesordnung und Anarchie die Lebensweise der Menschen. Man nahm sich einfach die Rechte anderer und verletzte ihre W\u00fcrde. Es war kurz gesagt ein Leben ohne System und feste Regeln,<br \/>\n                      ohne Gesetze und Ordnung, au\u00dfer einigen Gewohnheiten und Br\u00e4uchen der St\u00e4mme.<\/p>\n<p>Es gab keine Sicherheit mehr. Raub und Pl\u00fcnderungen waren bereits normal geworden. Es war ein Leben, in dem es weder Sicherheit noch Ruhe gab. Der Ans\u00e4ssige war der Sch\u00e4digung ausgesetzt und der Reisende musste die ganze Zeit f\u00fcrchten,<br \/>\n                      Opfer eines \u00dcberfalls zu werden.<\/p>\n<p>Mord und Pl\u00fcnderung waren normal und ebenso, dass der Starke den Armen unterdr\u00fcckt. Es wurde bereits aus&nbsp;den nichtigsten Gr\u00fcnden ein Krieg angezettelt, in dem die Menschen vernichtet wurden, Frauen ihre M\u00e4nner verloren und Kinder<br \/>\n                      zu Waisen wurden.<\/p>\n<p>Im Schatten dieser Zust\u00e4nde und nach einer Unterbrechungszeit in der Reihe der Gesandten wurde der Prophet Muhammad <strong style=\"font-size: 16px; font-family: &quot;Open Sans&quot;; color: rgb(70, 112, 127);\">\ufdfa&nbsp;<\/strong>im Alter<br \/>\n                      von 40 Jahren von All\u00e2h zum Propheten ernannt. Der Engel Gabriel kam zu ihm in die H\u00f6hle Hir\u00e2 und \u00fcbermittelte ihm die ersten Verse des Qur\u00e2n: &#8220;Lies im Namen deines Herrn, Der erschaffen hat!&#8221; (S\u00fbra 96:1)<\/p>\n<p>Danach folgten nacheinander die Herabsendungen des Qur\u00e2n auf den Propheten <strong style=\"font-size: 16px; font-family: &quot;Open Sans&quot;; color: rgb(70, 112, 127);\">\ufdfa<\/strong>, und der Prophet&nbsp;<strong style=\"color: rgb(70, 112, 127); font-family: &quot;Open Sans&quot;; font-size: 16px;\">\ufdfa<\/strong>                      begann mit seiner Da&#8217;wa (seinem einladenden Aufruf zum Isl\u00e2m). Diese Da&#8217;wa hat der Gelehrte Ibn Al-Qayyim in seinem Buch \u201eZ\u00e2d Al-Mi&#8217;\u00e2d\u201c in f\u00fcnf Stufen eingeteilt:<\/p>\n<p>1. Stufe: Die Berufung zum Propheten.<\/p>\n<p>2. Stufe: Das Warnen derer seiner n\u00e4chsten Sippe.<\/p>\n<p>3. Stufe: Das Warnen seines Volkes.<\/p>\n<p>4. Stufe: Das Warnen eines Volkes, zu dem noch kein Warner gekommen war, n\u00e4mlich die Araber im Allgemeinen.<\/p>\n<p>5. Stufe: Das Warnen aller Menschen und Dschinn, die die Da&#8217;wa erreichte, bis ans Weltende.<\/p>\n<p>Der Prophet <strong style=\"color: rgb(70, 112, 127); font-family: &quot;Open Sans&quot;; font-size: 16px;\">\ufdfa&nbsp;<\/strong>rief in Makka drei Jahre im Geheimen zum Isl\u00e2m auf, bis folgender Vers herabgesandt wurde: &#8220;So verk\u00fcnde denn<br \/>\n                      laut, was dir anbefohlen wird, und wende dich von den G\u00f6tzendienern ab!&#8221; (S\u00fbra 15:94) Alsdann verk\u00fcndete er <strong style=\"font-size: 16px; font-family: &quot;Open Sans&quot;; color: rgb(70, 112, 127);\">\ufdfa&nbsp;<\/strong>seine Da&#8217;wa<br \/>\n                      \u00f6ffentlich.<\/p>\n<p>All\u00e2h hat den Propheten <strong style=\"color: rgb(70, 112, 127); font-family: &quot;Open Sans&quot;; font-size: 16px;\">\ufdfa&nbsp;<\/strong>als Barmherzigkeit f\u00fcr alle Welten entsandt: &#8220;Und Wir haben dich nur als Barmherzigkeit f\u00fcr die<br \/>\n                      Welten gesandt.&#8221; (S\u00fbra 21:107)<\/p>\n<p>Es wurde authentisch vom Propheten <strong style=\"font-size: 16px; font-family: &quot;Open Sans&quot;; color: rgb(70, 112, 127);\">\ufdfa&nbsp;<\/strong>\u00fcberliefert, dass er sagte: \u201eIch bin nur eine Barmherzigkeit und Rechtleitung.\u201c<br \/>\n                      <sup>1<\/sup>\n                    <\/p>\n<p>Wer an ihn glaubt und seine Botschaft best\u00e4tigt, hat wahrlich einen gewaltigen Sieg errungen. All\u00e2h, der Erhabene, sagt: &#8220;Und wer All\u00e2h und Seinem Gesandten gehorcht, der erzielt ja einen gro\u00dfartigen Erfolg.&#8221; (S\u00fbra 33:71) Wer sich<br \/>\n                      von der Lebensweise des Propheten <strong style=\"color: rgb(70, 112, 127); font-family: &quot;Open Sans&quot;; font-size: 16px;\">\ufdfa&nbsp;<\/strong>abwendet, ist wahrlich weit vom rechten Weg abgeirrt und geh\u00f6rt zu den Verlierern im<br \/>\n                      Diesseits und im Jenseits. All\u00e2h, der Erhabene, sagt: &#8220;Wer sich aber von Meiner Ermahnung abwendet, der wird ein beengtes Leben f\u00fchren, und Wir werden ihn am Tag der Auferstehung blind in die Versammlung f\u00fchren.&#8221; (S\u00fbra 20:124)<\/p>\n<p>Die Da&#8217;wa des Propheten <strong style=\"font-size: 16px; font-family: &quot;Open Sans&quot;; color: rgb(70, 112, 127);\">\ufdfa&nbsp;<\/strong>war ein Aufruf zum Glauben an All\u00e2h, ohne Ihm in der Anbetung etwas beizugesellen, sowie zu Tugendhaftigkeit,<br \/>\n                      rechtem Handeln, Treue und Aufrichtigkeit. Ein Aufruf zu allen Arten des Guten und eine Warnung vor allen Arten des Schlechten. Die Sendung des Propheten <strong style=\"color: rgb(70, 112, 127); font-family: &quot;Open Sans&quot;; font-size: 16px;\">\ufdfa&nbsp;<\/strong>war<br \/>\n                      ein neuer Anfang f\u00fcr die Menschheit, und ein gewaltiges historisches Ereignis f\u00fcr das Menschengeschlecht. All\u00e2h, der Erhabene, sagt: &#8220;Sprich: O ihr Menschen, ich bin der Gesandte All\u00e2hs, Dem die Herrschaft der Himmel und der Erde<br \/>\n                      geh\u00f6rt, an euch alle. Es gibt keinen Gott au\u00dfer Ihm. Er macht lebendig und l\u00e4sst sterben. So glaubt an All\u00e2h und Seinen Gesandten, den schriftunkundigen Propheten, der an All\u00e2h und Seine Worte glaubt, und folgt ihm, auf dass ihr<br \/>\n                      rechtgeleitet sein m\u00f6get!&#8221; (S\u00fbra 7:158)<\/p>\n<p>Durch ihn wurden der Glaube der Menschen vervollkommnet und die Gnadenerweise an ihn vervollst\u00e4ndigt. All\u00e2h, der Erhabene, sagt: &#8220;Heute habe Ich euch eure Religion vervollkommnet und Meine Gunst an euch vollendet, und Ich bin mit dem<br \/>\n                      Isl\u00e2m als Religion f\u00fcr euch zufrieden.&#8221; (S\u00fbra 5:3)<\/p>\n<p>Der Isl\u00e2m ist die Religion, die All\u00e2h f\u00fcr die Menschen auserw\u00e4hlt hat, und Er nimmt keine andere Religion an. All\u00e2h, der Erhabene, sagt: &#8220;Wer aber als Religion etwas anderes als den Isl\u00e2m begehrt, so wird es von ihm nicht&nbsp;angenommen<br \/>\n                      werden, und im Jenseits wird er zu den Verlierern geh\u00f6ren.&#8221; (S\u00fbra 3:85)<\/p>\n<\/p><\/div>\n<\/p><\/div>\n<\/p><\/div>\n<\/p><\/div>\n<\/p><\/div>\n<\/p><\/div>\n<\/p><\/div>\n<div data-colibri-id=\"866-c13\" class=\"h-row-container gutters-row-lg-2 gutters-row-md-2 gutters-row-0 gutters-row-v-lg-2 gutters-row-v-md-2 gutters-row-v-2 style-544 style-local-866-c13 position-relative\">\n        <!----><\/p>\n<div class=\"h-row justify-content-lg-center justify-content-md-center justify-content-center align-items-lg-stretch align-items-md-stretch align-items-stretch gutters-col-lg-2 gutters-col-md-2 gutters-col-0 gutters-col-v-lg-2 gutters-col-v-md-2 gutters-col-v-2\">\n          <!----><\/p>\n<div class=\"h-column h-column-container d-flex h-col-lg-auto h-col-md-auto h-col-auto style-545-outer style-local-866-c14-outer\">\n<div data-colibri-id=\"866-c14\" class=\"d-flex h-flex-basis h-column__inner h-ui-empty-state-container h-px-lg-2 h-px-md-2 h-px-2 v-inner-lg-2 v-inner-md-2 v-inner-2 style-545 style-local-866-c14 position-relative\">\n              <!----><br \/>\n              <!----><\/p>\n<div class=\"w-100 h-y-container h-column__content h-column__v-align flex-basis-100\">\n                <!---->\n              <\/div>\n<\/p><\/div>\n<\/p><\/div>\n<div class=\"h-column h-column-container d-flex h-col-lg-auto h-col-md-auto h-col-auto style-546-outer style-local-866-c15-outer\">\n<div data-colibri-id=\"866-c15\" class=\"d-flex h-flex-basis h-column__inner h-px-lg-2 h-px-md-2 h-px-2 v-inner-lg-2 v-inner-md-2 v-inner-2 style-546 style-local-866-c15 position-relative\">\n              <!----><br \/>\n              <!----><\/p>\n<div class=\"w-100 h-y-container h-column__content h-column__v-align flex-basis-100 align-self-lg-start align-self-md-start align-self-start\">\n                <!----><\/p>\n<div data-colibri-id=\"866-c16\" class=\"h-text h-text-component style-547 style-local-866-c16 position-relative h-element\">\n                  <!----><br \/>\n                  <!----><\/p>\n<div class=\"\">\n<p>\n                      <sup>1<\/sup> \u00dcberliefert von Al-H\u00e2kim und Al-Baihaq\u00ee. Von Al-Alb\u00e2ni als authentisch eingestuft.<\/p>\n<\/p><\/div>\n<\/p><\/div>\n<\/p><\/div>\n<\/p><\/div>\n<\/p><\/div>\n<\/p><\/div>\n<\/p><\/div>\n<div data-colibri-id=\"866-c17\" class=\"h-row-container gutters-row-lg-2 gutters-row-md-2 gutters-row-0 gutters-row-v-lg-2 gutters-row-v-md-2 gutters-row-v-2 style-553 style-local-866-c17 position-relative\">\n        <!----><\/p>\n<div class=\"h-row justify-content-lg-center justify-content-md-center justify-content-center align-items-lg-stretch align-items-md-stretch align-items-stretch gutters-col-lg-2 gutters-col-md-2 gutters-col-0 gutters-col-v-lg-2 gutters-col-v-md-2 gutters-col-v-2\">\n          <!----><\/p>\n<div class=\"h-column h-column-container d-flex h-col-lg-auto h-col-md-auto h-col-auto style-554-outer style-local-866-c18-outer\">\n<div data-colibri-id=\"866-c18\" class=\"d-flex h-flex-basis h-column__inner h-ui-empty-state-container h-px-lg-2 h-px-md-2 h-px-2 v-inner-lg-2 v-inner-md-2 v-inner-2 style-554 style-local-866-c18 position-relative\">\n              <!----><br \/>\n              <!----><\/p>\n<div class=\"w-100 h-y-container h-column__content h-column__v-align flex-basis-100\">\n                <!---->\n              <\/div>\n<\/p><\/div>\n<\/p><\/div>\n<div class=\"h-column h-column-container d-flex h-col-lg-auto h-col-md-auto h-col-auto style-555-outer style-local-866-c19-outer\">\n<div data-colibri-id=\"866-c19\" class=\"d-flex h-flex-basis h-column__inner h-ui-empty-state-container h-px-lg-2 h-px-md-2 h-px-2 v-inner-lg-2 v-inner-md-2 v-inner-2 style-555 style-local-866-c19 position-relative\">\n              <!----><br \/>\n              <!----><\/p>\n<div class=\"w-100 h-y-container h-column__content h-column__v-align flex-basis-100\">\n                <!---->\n              <\/div>\n<\/p><\/div>\n<\/p><\/div>\n<div class=\"h-column h-column-container d-flex h-col-lg-auto h-col-md-auto h-col-auto style-556-outer style-local-866-c20-outer\">\n<div data-colibri-id=\"866-c20\" class=\"d-flex h-flex-basis h-column__inner h-px-lg-2 h-px-md-2 h-px-2 v-inner-lg-2 v-inner-md-2 v-inner-2 style-556 style-local-866-c20 position-relative\">\n              <!----><br \/>\n              <!----><\/p>\n<div class=\"w-100 h-y-container h-column__content h-column__v-align flex-basis-100 align-self-lg-start align-self-md-start align-self-start\">\n                <!----><\/p>\n<div data-colibri-id=\"866-c21\" class=\"h-x-container style-591 style-local-866-c21 position-relative h-element\">\n                  <!----><\/p>\n<div class=\"h-x-container-inner style-dynamic-866-c21-group style-591-spacing style-local-866-c21-spacing\"><span class=\"h-button__outer style-592-outer style-local-866-c22-outer d-inline-flex h-element\"><a h-use-smooth-scroll=\"true\" href=\"https:\/\/norelislam.com\/index.php\/sira-2-de\/\"  data-colibri-id=\"866-c22\" class=\"d-flex w-100 align-items-center h-button justify-content-lg-center justify-content-md-center justify-content-center style-592 style-local-866-c22 position-relative\"><!----><!----> <span>N\u00e4chstes Kapitel<\/span><\/a><br \/>\n                    <\/span>\n                  <\/div>\n<\/p><\/div>\n<\/p><\/div>\n<\/p><\/div>\n<\/p><\/div>\n<\/p><\/div>\n<\/p><\/div>\n<\/p><\/div>\n<\/p><\/div>\n<\/div>\n","protected":false},"excerpt":{"rendered":"<p>1. Vorwort 2. War Muhammad ein echter Prophet? 3. Die Namen des Propheten 1. Vorwort Der Lobpreis geb\u00fchrt All\u00e2h und m\u00f6ge Er den Gesandten All\u00e2hs \ufdfa&nbsp;in Ehren halten und ihm Wohlergehen schenken! Die Menschheit lebte vor der Sendung des Siegels der Propheten \ufdfa&nbsp;auf den Irrwegen der Ignoranz, im Polytheismus und Atheismus. Die Araber waren auch [&hellip;]<\/p>\n","protected":false},"author":1,"featured_media":0,"parent":0,"menu_order":0,"comment_status":"closed","ping_status":"closed","template":"page-templates\/full-width-page.php","meta":{"_regular_price":[],"currency_symbol":[],"footnotes":""},"class_list":["post-866","page","type-page","status-publish","hentry"],"post_slider_layout_featured_media_urls":{"thumbnail":"","post_slider_layout_landscape_large":"","post_slider_layout_portrait_large":"","post_slider_layout_square_large":"","post_slider_layout_landscape":"","post_slider_layout_portrait":"","post_slider_layout_square":"","full":""},"_links":{"self":[{"href":"https:\/\/norelislam.com\/index.php\/wp-json\/wp\/v2\/pages\/866","targetHints":{"allow":["GET"]}}],"collection":[{"href":"https:\/\/norelislam.com\/index.php\/wp-json\/wp\/v2\/pages"}],"about":[{"href":"https:\/\/norelislam.com\/index.php\/wp-json\/wp\/v2\/types\/page"}],"author":[{"embeddable":true,"href":"https:\/\/norelislam.com\/index.php\/wp-json\/wp\/v2\/users\/1"}],"replies":[{"embeddable":true,"href":"https:\/\/norelislam.com\/index.php\/wp-json\/wp\/v2\/comments?post=866"}],"version-history":[{"count":6,"href":"https:\/\/norelislam.com\/index.php\/wp-json\/wp\/v2\/pages\/866\/revisions"}],"predecessor-version":[{"id":945,"href":"https:\/\/norelislam.com\/index.php\/wp-json\/wp\/v2\/pages\/866\/revisions\/945"}],"wp:attachment":[{"href":"https:\/\/norelislam.com\/index.php\/wp-json\/wp\/v2\/media?parent=866"}],"curies":[{"name":"wp","href":"https:\/\/api.w.org\/{rel}","templated":true}]}}