{"id":957,"date":"2022-01-14T14:50:32","date_gmt":"2022-01-14T14:50:32","guid":{"rendered":"https:\/\/norelislam.com\/?page_id=957"},"modified":"2022-01-14T15:02:10","modified_gmt":"2022-01-14T15:02:10","slug":"sira-3-de","status":"publish","type":"page","link":"https:\/\/norelislam.com\/index.php\/sira-3-de\/","title":{"rendered":"sira-3-de"},"content":{"rendered":"<div data-colibri-id=\"957-c1\" class=\"style-597 style-local-957-c1 position-relative\">\n  <!----><\/p>\n<div data-colibri-component=\"section\" data-colibri-id=\"957-c2\" id=\"custom\" class=\"h-section h-section-global-spacing d-flex align-items-lg-center align-items-md-center align-items-center style-598 style-local-957-c2 position-relative\">\n    <!----><br \/>\n    <!----><\/p>\n<div class=\"h-section-grid-container h-section-boxed-container\">\n      <!----><\/p>\n<div data-colibri-id=\"957-c3\" class=\"h-row-container gutters-row-lg-2 gutters-row-md-2 gutters-row-0 gutters-row-v-lg-2 gutters-row-v-md-2 gutters-row-v-2 style-599 style-local-957-c3 position-relative\">\n        <!----><\/p>\n<div class=\"h-row justify-content-lg-center justify-content-md-center justify-content-center align-items-lg-stretch align-items-md-stretch align-items-stretch gutters-col-lg-2 gutters-col-md-2 gutters-col-0 gutters-col-v-lg-2 gutters-col-v-md-2 gutters-col-v-2\">\n          <!----><\/p>\n<div class=\"h-column h-column-container d-flex h-col-lg-auto h-col-md-auto h-col-auto style-600-outer style-local-957-c4-outer\">\n<div data-colibri-id=\"957-c4\" class=\"d-flex h-flex-basis h-column__inner h-px-lg-2 h-px-md-2 h-px-2 v-inner-lg-2 v-inner-md-2 v-inner-2 style-600 style-local-957-c4 position-relative\">\n              <!----><br \/>\n              <!----><\/p>\n<div class=\"w-100 h-y-container h-column__content h-column__v-align flex-basis-100 align-self-lg-start align-self-md-start align-self-start\">\n                <!----><\/p>\n<div data-colibri-id=\"957-c5\" class=\"h-x-container style-601 style-local-957-c5 position-relative h-element\">\n                  <!----><\/p>\n<div class=\"h-x-container-inner style-dynamic-957-c5-group style-601-spacing style-local-957-c5-spacing\"><span class=\"h-link__outer style-602-outer style-local-957-c6-outer d-inline-flex h-element\"><a h-use-smooth-scroll=\"true\" href=\"https:\/\/norelislam.com\/index.php\/sira-1-de\/\"  data-colibri-id=\"957-c6\" class=\"d-flex w-100 align-items-center h-link style-602 style-local-957-c6 position-relative\"><!----><!----> <span>1. Vorwort<\/span><\/a><br \/>\n                    <\/span>\n                  <\/div>\n<\/p><\/div>\n<div data-colibri-id=\"957-c7\" class=\"h-x-container style-603 style-local-957-c7 position-relative h-element\">\n                  <!----><\/p>\n<div class=\"h-x-container-inner style-dynamic-957-c7-group style-603-spacing style-local-957-c7-spacing\"><span class=\"h-link__outer style-604-outer style-local-957-c8-outer d-inline-flex h-element\"><a h-use-smooth-scroll=\"true\" href=\"https:\/\/norelislam.com\/index.php\/sira-2-de\/\"  data-colibri-id=\"957-c8\" class=\"d-flex w-100 align-items-center h-link style-604 style-local-957-c8 position-relative\"><!----><!----> <span>2. War Muhammad ein echter Prophet?<\/span><\/a><br \/>\n                    <\/span>\n                  <\/div>\n<\/p><\/div>\n<div data-colibri-id=\"957-c9\" class=\"h-x-container style-605 style-local-957-c9 position-relative h-element\">\n                  <!----><\/p>\n<div class=\"h-x-container-inner style-dynamic-957-c9-group style-605-spacing style-local-957-c9-spacing\"><span class=\"h-link__outer style-606-outer style-local-957-c10-outer d-inline-flex h-element\"><a h-use-smooth-scroll=\"true\" href=\"https:\/\/norelislam.com\/index.php\/sira-3-de\/\"  data-colibri-id=\"957-c10\" class=\"d-flex w-100 align-items-center h-link style-606 style-local-957-c10 position-relative\"><!----><!----> <span>3. Die Namen des Propheten<\/span><\/a><br \/>\n                    <\/span>\n                  <\/div>\n<\/p><\/div>\n<\/p><\/div>\n<\/p><\/div>\n<\/p><\/div>\n<div class=\"h-column h-column-container d-flex h-col-lg-auto h-col-md-auto h-col-auto style-607-outer style-local-957-c11-outer\">\n<div data-colibri-id=\"957-c11\" class=\"d-flex h-flex-basis h-column__inner h-px-lg-2 h-px-md-2 h-px-2 v-inner-lg-2 v-inner-md-2 v-inner-2 style-607 style-local-957-c11 position-relative\">\n              <!----><br \/>\n              <!----><\/p>\n<div class=\"w-100 h-y-container h-column__content h-column__v-align flex-basis-100 align-self-lg-start align-self-md-start align-self-start\">\n                <!----><\/p>\n<div data-colibri-id=\"957-c12\" class=\"h-text h-text-component style-608 style-local-957-c12 position-relative h-element\">\n                  <!----><br \/>\n                  <!----><\/p>\n<div class=\"\">\n<h4>3. Die Namen des Propheten<\/h4>\n<p>Eine arabische Redensart besagt: Der Name deutet auf seinen Besitzer. Oder: Jede Person hat ihren Anteil an ihrem Namen.&nbsp;Viele Namen zu tragen deutet im Verst\u00e4ndnis der Araber auf die Ehre und Erhabenheit jener Person hin. Es<br \/>\n                      war bei den Arabern also \u00fcblich, dass man eine bedeutungsvolle angesehene Pers\u00f6nlichkeit mit vielen Namen ansprach. Die sorgf\u00e4ltige Auswahl des Namens geh\u00f6rt zu den Angelegenheiten, die der Isl\u00e2m ernst nimmt und w\u00fcnscht.<\/p>\n<p>Zu den Besonderheiten des Propheten <strong style=\"color: rgb(70, 112, 127); font-family: &quot;Open Sans&quot;; font-size: 16px;\">\ufdfa<\/strong>, mit denen All\u00e2h Seinen anbetend Dienenden ehrte, geh\u00f6rt diese gro\u00dfe Anzahl von Namen und<br \/>\n                      lobenswerten Eigenschaften, die in ihren Bedeutungen einzigartig waren. Diese Namen waren in ihren Bedeutungen perfekt auf ihn zugeschnitten und \u00e4u\u00dferten sich voll und ganz in seinem Verhalten und in seinen Handlungen.<\/p>\n<p>Zu den Namen des Propheten <strong style=\"color: rgb(70, 112, 127); font-family: &quot;Open Sans&quot;; font-size: 16px;\">\ufdfa&nbsp;<\/strong>geh\u00f6ren folgende:<\/p>\n<p>1. Muhammad<\/p>\n<p>Dies ist sein bekanntester Name, der einige Male im Qur\u00e2n vorkommt, wie etwa: &#8220;Muhammad ist der Gesandte All\u00e2hs&#8230;&#8221; (S\u00fbra 48:29)<\/p>\n<p>Der Prophet <strong style=\"font-size: 16px; font-family: &quot;Open Sans&quot;; color: rgb(70, 112, 127);\">\ufdfa&nbsp;<\/strong>wurde auch so in der Thora erw\u00e4hnt, wie uns Ibn Al-Qayyim berichtete (Hoheslied: 5:16, im&nbsp;hebr\u00e4ischen Original<br \/>\n                      steht hier Muhammadim, &#8220;-im&#8221; ist der pluralis majestatis).<\/p>\n<p>2. Ahmad<\/p>\n<p>Das ist der Name, mit dem ihn Jesus benannte, so hei\u00dft es im Qur\u00e2n: &#8220;Und als Jesus, der Sohn Marias, sagte: \u00abO Kinder Israel, gewiss, ich bin All\u00e2hs Gesandter an euch, das best\u00e4tigend, was von der Thora vor mir war, und einen Gesandten<br \/>\n                      verk\u00fcndend, der nach mir kommen wird: sein Name ist Ahmad.\u00bb&#8221; (S\u00fbra 61:6)<\/p>\n<p>Was ist der Unterschied zwischen Muhammad und Ahmad? Hierf\u00fcr gibt es zwei Erkl\u00e4rungsm\u00f6glichkeiten:<\/p>\n<p>&#8211; Muhammad ist jemand, der stets und viel gelobt wird. Das bedeutet, dass es Leute gibt, die ihn st\u00e4ndig loben, und dies wiederum hei\u00dft, dass er viele lobenswerte Eigenschaften aufweist.<\/p>\n<p>Ahmad hingegen ist der Superlativ des Wortes Lob und dr\u00fcckt aus, dass das Lob, das jemandem entgegengebracht wird, besser ist, als das Lob, das jemandem anderen entgegengebracht wird.<\/p>\n<p>Muhammad steht also f\u00fcr die H\u00f6chststufe der Quantit\u00e4t des Lobes und Ahmad f\u00fcr die H\u00f6chststufe dessen Qualit\u00e4t.<\/p>\n<p>&#8211; Muhammad ist der stetig und oft Gelobte, wie zuvor, und Ahmad ist derjenige, dessen Lob bei All\u00e2h besser ist als das Lob anderer Menschen. So ist Muhammad der Lobenswerte und Ahmad derjenige, den All\u00e2h am meisten lobt.<\/p>\n<p>3. Der Versammler (Al-H\u00e2schir)<\/p>\n<p>Der Grund f\u00fcr diesen Namen besteht darin, dass der Prophet <strong style=\"color: rgb(70, 112, 127); font-family: &quot;Open Sans&quot;; font-size: 16px;\">\ufdfa&nbsp;<\/strong>die Leute um sich sammelte, als ob er entsandt wurde, um die<br \/>\n                      Menschen zu versammeln.<\/p>\n<p>4. Der Ausl\u00f6scher (Al-M\u00e2h\u00ee)<\/p>\n<p>Durch ihn hat All\u00e2h das Leugnen des Isl\u00e2m ausgel\u00f6scht.<\/p>\n<p>5. Der Nachfolger (Al-\u00c2qib)<\/p>\n<p>Al-\u00c2qib ist der Nachfolger eines Vorg\u00e4ngers im Guten. So ist der Prophet <strong style=\"color: rgb(70, 112, 127); font-family: &quot;Open Sans&quot;; font-size: 16px;\">\ufdfa&nbsp;<\/strong>der Nachfolger der Propheten.<\/p>\n<p>Es gibt einen authentischen Had\u00eeth \u00fcber diese f\u00fcnf Namen, so wird von Dschubair ibn Mut&#8217;im berichtet, dass er sagte: &#8220;Der Prophet&nbsp;<strong style=\"color: rgb(70, 112, 127); font-family: &quot;Open Sans&quot;; font-size: 16px;\">\ufdfa<\/strong>                      nannte uns seine Namen und sagte: \u00abIch bin Muhammad, und ich bin Ahmad, und ich bin Al-M\u00e2h\u00ee, mit dem All\u00e2h das Leugnen des Isl\u00e2m ausl\u00f6scht, und ich bin Al-H\u00e2schir, da die Menschen zu&nbsp;meinen F\u00fc\u00dfen versammelt werden, und ich bin<br \/>\n                      Al-\u00c2qib, nach dem es keinen Propheten mehr geben wird.\u00bb\u201c<br \/>\n                      <sup>2<\/sup>\n                    <\/p>\n<p>6. Der auf All\u00e2h Vertrauende (Al-Mutawakkil)<\/p>\n<p>Er vertraute in jeder Situation auf All\u00e2h. Es wird von At\u00e2 ibn Yas\u00e2r berichtet, dass er sagte: &#8220;Ich traf Abdull\u00e2h ibn Amr ibn Al-\u00c2s und bat ihn: \u00abBerichte mir von den Eigenschaften des Propheten <strong style=\"font-size: 16px; font-family: &quot;Open Sans&quot;; color: rgb(70, 112, 127);\">\ufdfa&nbsp;<\/strong>in<br \/>\n                      der Thora.\u00bb Er antwortete: \u00abJawohl! Bei All\u00e2h, er ist in der Thora mit einigen Benennungen beschrieben, die auch im Qur\u00e2n stehen. O Prophet, Wir haben dich wahrlich als Zeuge, \u00dcberbringer froher Botschaft und als Warner entsandt.<br \/>\n                      Und als Zufluchtsort f\u00fcr die Schriftunkundigen, du bist Mein Diener und Mein Gesandter. Ich nannte dich Al-Mutawakkil. Du bist weder grob noch hart noch machst du L\u00e4rm auf den M\u00e4rkten und du erwiderst das Schlechte nicht mit Schlechtem.\u00bb&#8221;<br \/>\n                      <sup>3<\/sup>\n                    <\/p>\n<p>7. Der Prophet der Bu\u00dfe (Nab\u00ee At-Tauba)<\/p>\n<p>Durch ihn \u00f6ffnete All\u00e2h die T\u00fcr der Bu\u00dfe f\u00fcr die Menschheit, denn fr\u00fcher hatte die Bu\u00dfe mehrere Voraussetzungen.<\/p>\n<p>8. Der Prophet der Barmherzigkeit (Nab\u00ee Ar-Rahma)<\/p>\n<p>All\u00e2h hat ihn <strong style=\"color: rgb(70, 112, 127); font-family: &quot;Open Sans&quot;; font-size: 16px;\">\ufdfa&nbsp;<\/strong>als Barmherzigkeit f\u00fcr alle Welten entsandt. Durch ihn erbarmte sich All\u00e2h aller Weltenbewohner, den gl\u00e4ubigen<br \/>\n                      unter ihnen und den leugnenden. Es wird von M\u00fbs\u00e2 Al-Asch&#8217;ar\u00ee berichtet, dass er sagte: \u201eDer Prophet&nbsp;<strong style=\"color: rgb(70, 112, 127); font-family: &quot;Open Sans&quot;; font-size: 16px;\">\ufdfa<\/strong> nannte uns seine Namen,<br \/>\n                      indem er sagte: \u00abIch bin Muhammad und Ahmad und Al-Muqaff\u00e2 (der Nachfolger der Propheten), Al-H\u00e2schir, der Prophet der Bu\u00dfe und der Prophet der Barmherzigkeit.\u00bb&#8221;<br \/>\n                      <sup>4<\/sup>\n                    <\/p>\n<p>9. Prophet der Feldz\u00fcge<\/p>\n<p>Dieser Name hat seinen Grund darin, dass der Prophet mit dem Dschih\u00e2d gegen die Feinde All\u00e2hs entsandt wurde. Von Hudhaifa wird berichtet, dass er sagte: \u201eW\u00e4hrend ich in den Stra\u00dfen von Mad\u00eena unterwegs war, sah ich All\u00e2hs Gesandten<br \/>\n                      <strong style=\"color: rgb(70, 112, 127); font-family: &quot;Open Sans&quot;; font-size: 16px;\">\ufdfa&nbsp;<\/strong>gehen und h\u00f6rte ihn sagen: \u00abIch bin Muhammad und Ahmad und der Prophet der Barmherzigkeit und der Prophet der Bu\u00dfe und<br \/>\n                      der Versammler, und der Nachfolger und der Prophet der Feldz\u00fcge.\u00bb\u201c<br \/>\n                      <sup>5<\/sup>\n                    <\/p>\n<p>10. Der Gnadenvolle, der Barmherzige<\/p>\n<p>All\u00e2h, der Erhabene, sagt: &#8220;Zu euch ist nunmehr ein Gesandter aus euren eigenen Reihen gekommen. Bedr\u00fcckend ist es f\u00fcr ihn, wenn ihr in Bedr\u00e4ngnis seid, er ist eifrig um euch bem\u00fcht, zu den Gl\u00e4ubigen gnadenvoll, barmherzig.&#8221; (S\u00fbra<br \/>\n                      9:128)<\/p>\n<p>Muhammad ibn Dschubair ibn Mut&#8217;im berichtet von seinem Vater, dass der Prophet <strong style=\"color: rgb(70, 112, 127); font-family: &quot;Open Sans&quot;; font-size: 16px;\">\ufdfa&nbsp;<\/strong>sagte: &#8220;Ich habe folgende Namen: Ich bin<br \/>\n                      Muhammad, und ich bin Ahmad, und ich bin Al-M\u00e2h\u00ee, durch den All\u00e2h das Leugnen des Isl\u00e2m ausl\u00f6scht, und ich bin Al-H\u00e2schir, da die Menschen zu meinen F\u00fc\u00dfen versammelt werden, und ich bin Al-\u00c2qib, nach dem es keinen Propheten mehr<br \/>\n                      geben wird, und All\u00e2h hat ihn als gnadenvollen und barmherzigen benannt.\u201c<br \/>\n                      <sup>6<\/sup>\n                    <\/p>\n<p>11. Der \u00d6ffnende<\/p>\n<p>Dies, da All\u00e2h durch ihn die T\u00fcr der Rechtleitung, die blinden Augen, die tauben Ohren und die verschlossenen Herzen \u00f6ffnete. Durch ihn \u00f6ffnete All\u00e2h die L\u00e4nder der Nicht-Muslime, sowie die Tore des Paradieses sowie die Pforten des<br \/>\n                      Wissens und der rechtschaffenen Taten.<\/p>\n<p>Zu den bereits erw\u00e4hnten Namen k\u00f6nnen noch folgende hinzugef\u00fcgt werden:<\/p>\n<p>12. F\u00fchrer unter den S\u00f6hnen Adams<\/p>\n<p>Es wird vom Propheten <strong style=\"font-size: 16px; font-family: &quot;Open Sans&quot;; color: rgb(70, 112, 127);\">\ufdfa&nbsp;<\/strong>\u00fcberliefert, dass er sagte: \u201eIch bin am Tag des Gerichts der F\u00fchrer unter den S\u00f6hnen Adams.\u201c<br \/>\n                      <sup>7<\/sup>\n                    <\/p>\n<p>Die Namen des Propheten <strong style=\"font-size: 16px; font-family: &quot;Open Sans&quot;; color: rgb(70, 112, 127);\">\ufdfa&nbsp;<\/strong>kann man in zwei Gruppen einteilen:<\/p>\n<p>&#8211; Namen, die kein anderer Prophet zuvor hatte, wie: Muhammad, Ahmad, Al-\u00c2qib, Al-H\u00e2schir, Al-Muqaffa und der Prophet der Feldz\u00fcge.<\/p>\n<p>&#8211; Namen, die in ihrer Bedeutung auch auf andere Propheten zutreffen, deren Eigenschaften der Prophet jedoch auf die beste Weise vollendete, wie z.B.: Gesandter All\u00e2hs, Sein Diener, As-Sch\u00e2hid (der Zeuge), Al-Mubaschschir (der \u00dcberbringer<br \/>\n                      froher Botschaft), An-Nadh\u00eer (Der Warner), der Prophet der Barmherzigkeit und der Prophet der Bu\u00dfe.<\/p>\n<p>Seine Beinamen:<\/p>\n<p>Der Prophet <strong style=\"color: rgb(70, 112, 127); font-family: &quot;Open Sans&quot;; font-size: 16px;\">\ufdfa&nbsp;<\/strong>hatte wegen seines \u00e4ltesten Sohnes, Q\u00e2sim den Beinamen Ab\u00fb Q\u00e2sim. Von Anas wird berichtet, dass er sagte: &#8220;Der<br \/>\n                      Prophet <strong style=\"color: rgb(70, 112, 127); font-family: &quot;Open Sans&quot;; font-size: 16px;\">\ufdfa&nbsp;<\/strong>befand sich&nbsp;eines Tages auf dem Markt, da sagte ein Mann zu ihm: \u00abO, Ab\u00fb Q\u00e2sim!\u00bb Der Prophet drehte sich<br \/>\n                      zu ihm und sagte: \u00abNennt mich bei meinem Namen und nicht bei meinem Beinamen!\u00bb\u201c<br \/>\n                      <sup>8<\/sup>\n                    <\/p>\n<p>Dies sind die sch\u00f6nen und vortrefflichen Namen des letzten Propheten <strong style=\"font-size: 16px; font-family: &quot;Open Sans&quot;; color: rgb(70, 112, 127);\">\ufdfa<\/strong>, die auf seine Bedeutsamkeit und hohe Position deuten. Er<br \/>\n                      wurde von All\u00e2h in allen Dingen geehrt, in seinen Namen, Eigenschaften, seinem \u00e4u\u00dferen Erscheinungsbild und all seinen Besonderheiten. Nehmen wir als seine Anh\u00e4nger dies wirklich zur Kenntnis?<\/p>\n<\/p><\/div>\n<\/p><\/div>\n<\/p><\/div>\n<\/p><\/div>\n<\/p><\/div>\n<\/p><\/div>\n<\/p><\/div>\n<div data-colibri-id=\"957-c21\" class=\"h-row-container gutters-row-lg-2 gutters-row-md-2 gutters-row-0 gutters-row-v-lg-2 gutters-row-v-md-2 gutters-row-v-2 style-617 style-local-957-c21 position-relative\">\n        <!----><\/p>\n<div class=\"h-row justify-content-lg-center justify-content-md-center justify-content-center align-items-lg-stretch align-items-md-stretch align-items-stretch gutters-col-lg-2 gutters-col-md-2 gutters-col-0 gutters-col-v-lg-2 gutters-col-v-md-2 gutters-col-v-2\">\n          <!----><\/p>\n<div class=\"h-column h-column-container d-flex h-col-lg-auto h-col-md-auto h-col-auto style-618-outer style-local-957-c22-outer\">\n<div data-colibri-id=\"957-c22\" class=\"d-flex h-flex-basis h-column__inner h-ui-empty-state-container h-px-lg-2 h-px-md-2 h-px-2 v-inner-lg-2 v-inner-md-2 v-inner-2 style-618 style-local-957-c22 position-relative\">\n              <!----><br \/>\n              <!----><\/p>\n<div class=\"w-100 h-y-container h-column__content h-column__v-align flex-basis-100\">\n                <!---->\n              <\/div>\n<\/p><\/div>\n<\/p><\/div>\n<div class=\"h-column h-column-container d-flex h-col-lg-auto h-col-md-auto h-col-auto style-619-outer style-local-957-c23-outer\">\n<div data-colibri-id=\"957-c23\" class=\"d-flex h-flex-basis h-column__inner h-px-lg-2 h-px-md-2 h-px-2 v-inner-lg-2 v-inner-md-2 v-inner-2 style-619 style-local-957-c23 position-relative\">\n              <!----><br \/>\n              <!----><\/p>\n<div class=\"w-100 h-y-container h-column__content h-column__v-align flex-basis-100 align-self-lg-start align-self-md-start align-self-start\">\n                <!----><\/p>\n<div data-colibri-id=\"957-c24\" class=\"h-text h-text-component style-620 style-local-957-c24 position-relative h-element\">\n                  <!----><br \/>\n                  <!----><\/p>\n<div class=\"\">\n<p>\n                      <sup>2<\/sup> \u00dcberliefert von Al-Buch\u00e2r\u00ee und Muslim.<\/p>\n<p>\n                      <sup>3<\/sup> \u00dcberliefert von Al-Buch\u00e2r\u00ee.<\/p>\n<p>\n                      <sup>4<\/sup> \u00dcberliefert von Muslim.<\/p>\n<p>\n                      <sup>5<\/sup> \u00dcberliefert von Ahmad.<\/p>\n<p>\n                      <sup>6<\/sup> \u00dcberliefert von Muslim.<\/p>\n<p>\n                      <sup>7<\/sup> \u00dcberliefert von Muslim.<\/p>\n<p>\n                      <sup>8<\/sup> \u00dcberliefert von Al-Buch\u00e2r\u00ee.<\/p>\n<\/p><\/div>\n<\/p><\/div>\n<\/p><\/div>\n<\/p><\/div>\n<\/p><\/div>\n<\/p><\/div>\n<\/p><\/div>\n<div data-colibri-id=\"957-c13\" class=\"h-row-container gutters-row-lg-2 gutters-row-md-2 gutters-row-0 gutters-row-v-lg-2 gutters-row-v-md-2 gutters-row-v-2 style-609 style-local-957-c13 position-relative\">\n        <!----><\/p>\n<div class=\"h-row justify-content-lg-center justify-content-md-center justify-content-center align-items-lg-stretch align-items-md-stretch align-items-stretch gutters-col-lg-2 gutters-col-md-2 gutters-col-0 gutters-col-v-lg-2 gutters-col-v-md-2 gutters-col-v-2\">\n          <!----><\/p>\n<div class=\"h-column h-column-container d-flex h-col-lg-auto h-col-md-auto h-col-auto style-610-outer style-local-957-c14-outer\">\n<div data-colibri-id=\"957-c14\" class=\"d-flex h-flex-basis h-column__inner h-ui-empty-state-container h-px-lg-2 h-px-md-2 h-px-2 v-inner-lg-2 v-inner-md-2 v-inner-2 style-610 style-local-957-c14 position-relative\">\n              <!----><br \/>\n              <!----><\/p>\n<div class=\"w-100 h-y-container h-column__content h-column__v-align flex-basis-100\">\n                <!---->\n              <\/div>\n<\/p><\/div>\n<\/p><\/div>\n<div class=\"h-column h-column-container d-flex h-col-lg-auto h-col-md-auto h-col-auto style-611-outer style-local-957-c15-outer\">\n<div data-colibri-id=\"957-c15\" class=\"d-flex h-flex-basis h-column__inner h-px-lg-2 h-px-md-2 h-px-2 v-inner-lg-2 v-inner-md-2 v-inner-2 style-611 style-local-957-c15 position-relative\">\n              <!----><br \/>\n              <!----><\/p>\n<div class=\"w-100 h-y-container h-column__content h-column__v-align flex-basis-100 align-self-lg-start align-self-md-start align-self-start\">\n                <!----><\/p>\n<div data-colibri-id=\"957-c16\" class=\"h-x-container style-612 style-local-957-c16 position-relative h-element\">\n                  <!----><\/p>\n<div class=\"h-x-container-inner style-dynamic-957-c16-group style-612-spacing style-local-957-c16-spacing\"><span class=\"h-button__outer style-613-outer style-local-957-c17-outer d-inline-flex h-element\"><a h-use-smooth-scroll=\"true\" href=\"https:\/\/norelislam.com\/index.php\/sira-2-de\/\"  data-colibri-id=\"957-c17\" class=\"d-flex w-100 align-items-center h-button justify-content-lg-center justify-content-md-center justify-content-center style-613 style-local-957-c17 position-relative\"><!----><!----> <span>Voriges Kapitel<\/span><\/a><br \/>\n                    <\/span>\n                  <\/div>\n<\/p><\/div>\n<\/p><\/div>\n<\/p><\/div>\n<\/p><\/div>\n<div class=\"h-column h-column-container d-flex h-col-lg-auto h-col-md-auto h-col-auto style-614-outer style-local-957-c18-outer\">\n<div data-colibri-id=\"957-c18\" class=\"d-flex h-flex-basis h-column__inner h-px-lg-2 h-px-md-2 h-px-2 v-inner-lg-2 v-inner-md-2 v-inner-2 style-614 style-local-957-c18 position-relative\">\n              <!----><br \/>\n              <!----><\/p>\n<div class=\"w-100 h-y-container h-column__content h-column__v-align flex-basis-100 align-self-lg-start align-self-md-start align-self-start\">\n                <!----><\/p>\n<div data-colibri-id=\"957-c19\" class=\"h-x-container style-615 style-local-957-c19 position-relative h-element\">\n                  <!----><\/p>\n<div class=\"h-x-container-inner style-dynamic-957-c19-group style-615-spacing style-local-957-c19-spacing\"><span class=\"h-button__outer style-616-outer style-local-957-c20-outer d-inline-flex h-element\"><a h-use-smooth-scroll=\"true\" href=\"https:\/\/norelislam.com\/index.php\/sira-4-de\/\"  data-colibri-id=\"957-c20\" class=\"d-flex w-100 align-items-center h-button justify-content-lg-center justify-content-md-center justify-content-center style-616 style-local-957-c20 position-relative\"><!----><!----> <span>N\u00e4chstes kapitel<\/span><\/a><br \/>\n                    <\/span>\n                  <\/div>\n<\/p><\/div>\n<\/p><\/div>\n<\/p><\/div>\n<\/p><\/div>\n<\/p><\/div>\n<\/p><\/div>\n<\/p><\/div>\n<\/p><\/div>\n<\/div>\n","protected":false},"excerpt":{"rendered":"<p>1. Vorwort 2. War Muhammad ein echter Prophet? 3. Die Namen des Propheten 3. Die Namen des Propheten Eine arabische Redensart besagt: Der Name deutet auf seinen Besitzer. Oder: Jede Person hat ihren Anteil an ihrem Namen.&nbsp;Viele Namen zu tragen deutet im Verst\u00e4ndnis der Araber auf die Ehre und Erhabenheit jener Person hin. Es war [&hellip;]<\/p>\n","protected":false},"author":1,"featured_media":0,"parent":0,"menu_order":0,"comment_status":"closed","ping_status":"closed","template":"page-templates\/full-width-page.php","meta":{"_regular_price":[],"currency_symbol":[],"footnotes":""},"class_list":["post-957","page","type-page","status-publish","hentry"],"post_slider_layout_featured_media_urls":{"thumbnail":"","post_slider_layout_landscape_large":"","post_slider_layout_portrait_large":"","post_slider_layout_square_large":"","post_slider_layout_landscape":"","post_slider_layout_portrait":"","post_slider_layout_square":"","full":""},"_links":{"self":[{"href":"https:\/\/norelislam.com\/index.php\/wp-json\/wp\/v2\/pages\/957","targetHints":{"allow":["GET"]}}],"collection":[{"href":"https:\/\/norelislam.com\/index.php\/wp-json\/wp\/v2\/pages"}],"about":[{"href":"https:\/\/norelislam.com\/index.php\/wp-json\/wp\/v2\/types\/page"}],"author":[{"embeddable":true,"href":"https:\/\/norelislam.com\/index.php\/wp-json\/wp\/v2\/users\/1"}],"replies":[{"embeddable":true,"href":"https:\/\/norelislam.com\/index.php\/wp-json\/wp\/v2\/comments?post=957"}],"version-history":[{"count":2,"href":"https:\/\/norelislam.com\/index.php\/wp-json\/wp\/v2\/pages\/957\/revisions"}],"predecessor-version":[{"id":968,"href":"https:\/\/norelislam.com\/index.php\/wp-json\/wp\/v2\/pages\/957\/revisions\/968"}],"wp:attachment":[{"href":"https:\/\/norelislam.com\/index.php\/wp-json\/wp\/v2\/media?parent=957"}],"curies":[{"name":"wp","href":"https:\/\/api.w.org\/{rel}","templated":true}]}}